{"id":4340,"date":"2023-06-07T10:30:44","date_gmt":"2023-06-07T08:30:44","guid":{"rendered":"https:\/\/greenalpine.nl\/?post_type=product&#038;p=4340"},"modified":"2025-03-25T11:00:21","modified_gmt":"2025-03-25T10:00:21","slug":"ibex","status":"publish","type":"product","link":"https:\/\/greenalpine.nl\/en\/product\/ibex\/","title":{"rendered":"Ibex"},"content":{"rendered":"<div style=\"text-align: left;\">\n    <span style=\"font-size: 20px; color: #bd9d00;\"><br \/>\n        <span class=\"woocommerce-Price-amount amount\"><span class=\"woocommerce-Price-amount amount\"><bdi><span class=\"woocommerce-Price-currencySymbol\">&euro;<\/span>34,99<\/bdi><\/span><\/span><br \/>\n    <\/span><\/p>\n<div style=\"margin-top: 5px; white-space: nowrap;\">\n        10% CBD full spectrum olie\n    <\/div>\n<p>    <a href=\"https:\/\/greenalpine.nl\/product\/ibex\/\"><br \/>\n        <img decoding=\"async\" class=\"alignnone wp-image-1706\" src=\"https:\/\/greenalpine.nl\/wp-content\/uploads\/2023\/04\/Ibex37532.jpg\" alt=\"\" width=\"108\" height=\"97\" \/><br \/>\n    <\/a>\n<\/div>","protected":false},"excerpt":{"rendered":"<p><strong>Symboliseert: <\/strong>balans en behendigheid<\/p>\n<p><strong>Type: <\/strong>10% MCT, Full Spectrum<\/p>\n<p><strong>Omschrijving:<\/strong> Ibex is Green Alpine&#8217;s full spectrum olie, perfect voor diegenen die een meer geconcentreerde dosis THC-vrije CBD willen in combinatie met de andere actieve ingredi\u00ebnten van de plant. Ge\u00efnspireerd door de balans en behendigheid van de steenbok, Ibex is met 10% CBD zeer geschikt voor CBD-beginners en iedereen die met regelmaat het volledige spectrum aan ingredi\u00ebnten van hennep wil nuttigen. Het volledige spectrum bestaat uit cannabino\u00efden (CBD, CBG, CBN, CBC), terpenen, omega-6 \/ omega-3 vetzuren, flavono\u00efden en vitamine A, B, C en E. Al deze ingredi\u00ebnten werken met elkaar samen en cre\u00ebren een entourage-effect dat de potenti\u00eble gezondheidsvoordelen van deze olie versterkt. Vooral de terpenen en flavono\u00efden in onze full spectrum oli\u00ebn voegen niet alleen een lekkere geur toe, maar zorgen ook voor ontspannende momenten.<\/p>\n<p><strong>Productie: <\/strong>Ibex wordt gecre\u00eberd in het midden van de Zwitserse Alpen. De CBD wordt in een natuurlijk proces uit de cannabisplant ge\u00ebxtraheerd en verrijkt met een biologische MCT-olie op basis van kokosnoot dat dient als drager van de CBD en de andere actieve ingredi\u00ebnten. Dankzij duurzame productie is onze CBD-olie vrij van herbiciden, pesticiden en andere toevoegingen.<\/p>\n<p><strong>Doseringseenheid: <\/strong>2 druppels<\/p>\n<p><strong>Doseringseenheden per fles: <\/strong>130<\/p>\n<p><strong>Hoeveelheid CBD per doseringseenheid:<\/strong> 7,7mg<\/p>\n<p><strong>Dosering: <\/strong>Start met 1 doseringseenheid per dag (8mg). Vervolgens geleidelijk verhogen naar 2 tot 9 doseringseenheden per dag (15 \u2013 69mg per dag). Druppel onder de tong en houdt vast voor 90 tot 120 seconden, daarna doorslikken. Optimale dosering afhankelijk van gewicht en doel van gebruik. Zie ook <a href=\"https:\/\/greenalpine.nl\/de-ultieme-cbd-gids\/#Dosering\" target=\"_blank\" rel=\"noopener\">greenalpine&#8217;s ultieme cbd-gids<\/a><\/p>\n<p><strong>Ingredi\u00ebnten: <\/strong>Biologische MCT Olie op basis van kokosnoot, Cannabidiol (CBD) uit hennep extract (van bloemen en bladeren van de Cannabis Sativa L.)<\/p>\n<p><strong>Product code: <\/strong>B-000523\/1021<\/p>","protected":false},"featured_media":10368,"template":"","meta":{"_acf_changed":false,"_editorskit_title_hidden":false,"_editorskit_reading_time":0,"_editorskit_is_block_options_detached":false,"_editorskit_block_options_position":"{}","inline_featured_image":false},"product_brand":[],"product_cat":[61,52,26,15],"product_tag":[85,77,79,81],"class_list":{"0":"post-4340","1":"product","2":"type-product","3":"status-publish","4":"has-post-thumbnail","6":"product_cat-10-cbd-full-spectrum","7":"product_cat-cbd-druppels","8":"product_cat-cbd-oils","9":"product_cat-full-spectrum","10":"product_tag-10-concentratie","11":"product_tag-cbd-druppels","12":"product_tag-cbd-oils","13":"product_tag-full-spectrum","15":"first","16":"instock","17":"sale","18":"taxable","19":"shipping-taxable","20":"purchasable","21":"product-type-simple"},"acf":[],"_links":{"self":[{"href":"https:\/\/greenalpine.nl\/en\/wp-json\/wp\/v2\/product\/4340","targetHints":{"allow":["GET"]}}],"collection":[{"href":"https:\/\/greenalpine.nl\/en\/wp-json\/wp\/v2\/product"}],"about":[{"href":"https:\/\/greenalpine.nl\/en\/wp-json\/wp\/v2\/types\/product"}],"version-history":[{"count":7,"href":"https:\/\/greenalpine.nl\/en\/wp-json\/wp\/v2\/product\/4340\/revisions"}],"predecessor-version":[{"id":17609,"href":"https:\/\/greenalpine.nl\/en\/wp-json\/wp\/v2\/product\/4340\/revisions\/17609"}],"wp:featuredmedia":[{"embeddable":true,"href":"https:\/\/greenalpine.nl\/en\/wp-json\/wp\/v2\/media\/10368"}],"wp:attachment":[{"href":"https:\/\/greenalpine.nl\/en\/wp-json\/wp\/v2\/media?parent=4340"}],"wp:term":[{"taxonomy":"product_brand","embeddable":true,"href":"https:\/\/greenalpine.nl\/en\/wp-json\/wp\/v2\/product_brand?post=4340"},{"taxonomy":"product_cat","embeddable":true,"href":"https:\/\/greenalpine.nl\/en\/wp-json\/wp\/v2\/product_cat?post=4340"},{"taxonomy":"product_tag","embeddable":true,"href":"https:\/\/greenalpine.nl\/en\/wp-json\/wp\/v2\/product_tag?post=4340"}],"curies":[{"name":"wp","href":"https:\/\/api.w.org\/{rel}","templated":true}]}}